{"id":14582,"date":"2024-04-02T15:22:26","date_gmt":"2024-04-02T18:22:26","guid":{"rendered":"https:\/\/www.contabilidadenobrasil.com.br\/cursos\/?page_id=14582"},"modified":"2024-04-03T19:25:47","modified_gmt":"2024-04-03T22:25:47","slug":"contador-atualizado-abril-2024","status":"publish","type":"page","link":"https:\/\/www.contabilidadenobrasil.com.br\/cursos\/contador-atualizado-abril-2024\/","title":{"rendered":"Contador Atualizado Abril 2024"},"content":{"rendered":"<p><img decoding=\"async\"  class=\"op3-element__image op3-element-image__image\" src=\"https:\/\/www.contabilidadenobrasil.com.br\/cursos\/wp-content\/uploads\/2023\/10\/LOGO.png\" alt=\"\" title=\"LOGO\" width=\"1012\" height=\"311\" data-op3-attachment-id=\"14031\" loading=\"lazy\" \/><\/p>\n<h2>Tenha o conhecimento e a seguran\u00e7a para calcular corretamente o Simples Nacional, o Lucro Presumido e o Lucro Real com todas as atualiza\u00e7\u00f5es de 2024<\/h2>\n<h2>22 a 25 de Abril, 20hCurso Gratuito no Youtube<\/h2>\n<h2>Digite o seu melhor e-mail e entre para o grupo vip no WhatsApp<\/h2>\n<p><a href=\"#\" class=\"op3-link op3-background-ancestor\" target=\"_self\" data-op-action=\"link\" data-op-select-funnel-step=\"\" data-op3-smooth-scroll=\"0\" data-op-effect-style=\"\" data-op-effect-style-hover=\"\" data-op-courseaction=\"\" rel=\"noopener\">APERTE AQUI E FA\u00c7A SUA INSCRI\u00c7\u00c3O GRATUITAMENTE!<\/a><\/p>\n<p style=\"text-align: center;\">(De acordo com a lei 12.965\/2014 e 13.709\/2018, autorizo a Contabilidade no Brasil a me enviar comunica\u00e7\u00f5es e concordo com a sua pol\u00edtica de privacidade)<\/p>\n<h2>O QUE \u00c9 O CURSO&nbsp;CONTADOR ATUALIZADO 2024?<\/h2>\n<h2>O Curso Contador Atualizado 2024&nbsp;\u00e9 online e gratuito com 4 dias de conte\u00fado pr\u00e1tico onde voc\u00ea vai conhecer do b\u00e1sico ao avan\u00e7ado as caracter\u00edsticas, situa\u00e7\u00f5es e exce\u00e7\u00f5es do Simples Nacional, Lucro Presumido e o Lucro Real Trimestral e Anual.<\/h2>\n<h2>O QUE VOC\u00ca VAI APRENDER:<\/h2>\n<h2>Voc\u00ea vai aprender na pr\u00e1tica com um passo a passo como calcular e apurar o Simples Nacional, o Lucro Presumido e o Lucro Real Trimestral e Anual com as atualiza\u00e7\u00f5es de 2024.<\/h2>\n<h2>Mesmo que ainda esteja na faculdade ou seja um completo iniciante<\/h2>\n<h2>SER\u00c1 GRATUITO APENAS ASSISTINDO AO VIVO!<\/h2>\n<h2>COMECE O ANO ADQUIRINDO CONHECIMENTO E EXPERI\u00caNCIA PR\u00c1TICA PARA SE TORNAR UMA REFER\u00caNCIA NO MERCADO CONT\u00c1BIL EM 2024&nbsp;<\/h2>\n<h2>Aula 01<\/h2>\n<h2>REGIME TRIBUT\u00c1RIO SIMPLES NACIONAL<\/h2>\n<p>Voc\u00ea vai aprender como calcular e apurar corretamente as empresas Optantes pelo Simples Nacional, da apura\u00e7\u00e3o at\u00e9 a emiss\u00e3o do PGDAS, com todas exce\u00e7\u00f5es e segrega\u00e7\u00f5es diretamente na pr\u00e1tica.<\/p>\n<p>22\/04 &#8211; 20h<\/p>\n<h2>Aula 02<\/h2>\n<h2>REGIME TRIBUT\u00c1RIO LUCRO PRESUMIDO<\/h2>\n<p>Vai conhecer na pr\u00e1tica quais s\u00e3o as principais caracter\u00edsticas e exce\u00e7\u00f5es das empresas do Lucro Presumido para evitar erros no c\u00e1lculo e tamb\u00e9m no fechamento de toda a apura\u00e7\u00e3o.<\/p>\n<p>23\/04 &#8211; 20h<\/p>\n<h2>Aula 03<\/h2>\n<h2>REGIME TRIBUT\u00c1RIO REAL TRI. E ANUAL<\/h2>\n<p>Voc\u00ea vai aprender como escolher a melhor forma de apura\u00e7\u00e3o para as empresas do regime Real, se \u00e9 o fechamento Trimestral ou Anual, indo do b\u00e1sico ao avan\u00e7ado.<\/p>\n<p>24\/04 &#8211; 20h<\/p>\n<h2>Aula 04<\/h2>\n<h2>ATUALIZA\u00c7\u00d5ES TRIBUT\u00c1RIAS DE 2024<\/h2>\n<p>Voc\u00ea tamb\u00e9m vai aprender na pr\u00e1tica as principais atualiza\u00e7\u00f5es na legisla\u00e7\u00e3o em 2024 que entraram ou que podem entrar em vigor neste ano.<\/p>\n<p>25\/04 &#8211; 20h<\/p>\n<p><img decoding=\"async\"  class=\"op3-element__image op3-element-image__image\" src=\"https:\/\/www.contabilidadenobrasil.com.br\/cursos\/wp-content\/uploads\/2021\/09\/Arthur.png\" alt=\"\" title=\"Arthur\" width=\"441\" height=\"541\" data-op3-attachment-id=\"10829\" loading=\"lazy\" \/><\/p>\n<h2>CONTABILIDADE NO BRASIL<\/h2>\n<p>Ol\u00e1 meu nome \u00e9 Arthur Gon\u00e7alves, sou Contador, Professor e totalmente apaixonado pela contabilidade.<\/p>\n<p>Minha miss\u00e3o \u00e9 espalhar conhecimento pr\u00e1tico para transformar Contadores e Estudantes de Contabilidade em profissionais mais desejados, bem renumerados e reconhecidos no mercado cont\u00e1bil.<\/p>\n<p>N\u00e3o por acaso + de 55 mil alunos j\u00e1 foram transformados e impactados pelos nossos treinamentos, conquistando seguran\u00e7a e experi\u00eancia pr\u00e1tica para gerir e atender com qualidade seus clientes.<\/p>\n<p><a href=\"#op3-element-GuFfFv6x\" class=\"op3-link op3-background-ancestor\" target=\"_self\" data-op-action=\"jumpToElement\" data-op-select-funnel-step=\"\" data-op3-smooth-scroll=\"0\" data-op-effect-style=\"\" data-op-effect-style-hover=\"\" data-op-courseaction=\"\" rel=\"noopener\">APERTE AQUI E FA\u00c7A SUA INSCRI\u00c7\u00c3O GRATUITA<\/a><img decoding=\"async\"  class=\"op3-element__image op3-element-image__image\" src=\"https:\/\/www.contabilidadenobrasil.com.br\/cursos\/wp-content\/uploads\/2023\/10\/LOGO.png\" alt=\"\" title=\"LOGO\" width=\"1012\" height=\"311\" data-op3-attachment-id=\"14031\" loading=\"lazy\" \/><\/p>\n<p><a href=\"https:\/\/www.contabilidadenobrasil.com.br\/cursos\/termos-de-uso-e-servico\/\" target=\"_blank\" rel=\"noopener\" style=\"\">Termos de Uso&nbsp;<\/a>|&nbsp;<a href=\"https:\/\/www.contabilidadenobrasil.com.br\/cursos\/politica-de-privacidade\/\" target=\"_blank\" rel=\"noopener\" style=\"\">Pol\u00edticas de Privacidade<\/a><\/p>\n<p>Contabilidade no Brasil &#8211; Goi\u00e2nia &#8211; Goi\u00e1s |&nbsp;contato@contabilidadenobrasil.com.br<\/p>\n","protected":false},"excerpt":{"rendered":"<p>Tenha o conhecimento e a seguran\u00e7a para calcular corretamente o Simples Nacional, o Lucro Presumido e o Lucro Real com todas as atualiza\u00e7\u00f5es de 2024 22 a 25 de Abril, 20hCurso Gratuito no Youtube Digite o seu melhor e-mail e entre para o grupo vip no WhatsApp APERTE AQUI E FA\u00c7A SUA INSCRI\u00c7\u00c3O GRATUITAMENTE! (De [&hellip;]<\/p>\n","protected":false},"author":1,"featured_media":14601,"parent":0,"menu_order":0,"comment_status":"closed","ping_status":"closed","template":"op_builder_blank","meta":{"inline_featured_image":false,"footnotes":""},"class_list":["post-14582","page","type-page","status-publish","has-post-thumbnail","hentry"],"_links":{"self":[{"href":"https:\/\/www.contabilidadenobrasil.com.br\/cursos\/wp-json\/wp\/v2\/pages\/14582","targetHints":{"allow":["GET"]}}],"collection":[{"href":"https:\/\/www.contabilidadenobrasil.com.br\/cursos\/wp-json\/wp\/v2\/pages"}],"about":[{"href":"https:\/\/www.contabilidadenobrasil.com.br\/cursos\/wp-json\/wp\/v2\/types\/page"}],"author":[{"embeddable":true,"href":"https:\/\/www.contabilidadenobrasil.com.br\/cursos\/wp-json\/wp\/v2\/users\/1"}],"replies":[{"embeddable":true,"href":"https:\/\/www.contabilidadenobrasil.com.br\/cursos\/wp-json\/wp\/v2\/comments?post=14582"}],"version-history":[{"count":0,"href":"https:\/\/www.contabilidadenobrasil.com.br\/cursos\/wp-json\/wp\/v2\/pages\/14582\/revisions"}],"wp:featuredmedia":[{"embeddable":true,"href":"https:\/\/www.contabilidadenobrasil.com.br\/cursos\/wp-json\/wp\/v2\/media\/14601"}],"wp:attachment":[{"href":"https:\/\/www.contabilidadenobrasil.com.br\/cursos\/wp-json\/wp\/v2\/media?parent=14582"}],"curies":[{"name":"wp","href":"https:\/\/api.w.org\/{rel}","templated":true}]}}